{"id":638,"date":"2015-09-24T11:52:19","date_gmt":"2015-09-24T09:52:19","guid":{"rendered":"https:\/\/mapa-new.abakus.net.pl\/blog\/?page_id=638"},"modified":"2015-09-24T13:03:18","modified_gmt":"2015-09-24T11:03:18","slug":"dodawanie-hydrantow-ze-strazaka-osm","status":"publish","type":"page","link":"https:\/\/mapa.abakus.net.pl\/blog\/?page_id=638","title":{"rendered":"Stra\u017cakOSM &#8211; Dodawanie zebranych hydrant\u00f3w"},"content":{"rendered":"<p>Hydranty i pikieta\u017c zebrane za pomoc\u0105 aplikacji Stra\u017cakOSM mo\u017cna przes\u0142a\u0107 na nasz serwer, sk\u0105d s\u0105 one \u015brednio dwa razy w tygodniu pobierane, weryfikowane i dodawane do projektu OSM, jednak w zwi\u0105zku z licznymi pytaniami o mo\u017cliwo\u015b\u0107 samodzielnego dodawania zebranych hydrant\u00f3w, oraz\u00a0ich weryfikacji przed dodaniem zamieszczamy kr\u00f3tk\u0105 instrukcj\u0119, kt\u00f3ra pozwoli wykona\u0107 te czynno\u015bci samodzielnie. Procedura mo\u017ce wydawa\u0107 si\u0119 skomplikowana ale po wykonaniu jej kilkukrotnie zgodnie z poni\u017csz\u0105 instrukcj\u0105 nie powinna ona stwarza\u0107 problem\u00f3w.<\/p>\n<p>Aby doda\u0107 zebrane hydranty do bazy OSM nale\u017cy wykona\u0107 nast\u0119puj\u0105ce kroki:<\/p>\n<ol>\n<li><a href=\"#1\">Utworzenie konta w projekcie OSM<\/a><\/li>\n<li><a href=\"#2\">Pobranie aplikacji JOSM<\/a><\/li>\n<li><a href=\"#3\">Przeniesienie plik\u00f3w z urz\u0105dzenia mobilnego<\/a><\/li>\n<li><a href=\"#4\">Wczytanie danych do JOSM<\/a><\/li>\n<li><a href=\"#5\">Weryfikacja danych<\/a><\/li>\n<li><a href=\"#6\">Wys\u0142anie danych<\/a><\/li>\n<\/ol>\n<h3 id=\"1\">Utworzenie konta w projekcie OSM<\/h3>\n<p>Je\u015bli posiadamy ju\u017c konto w projekcie OpenStreetMap (np. by\u0142o potrzebne do edycji hydrant\u00f3w przez osmhydrant) ten punkt mo\u017cemy pomin\u0105\u0107, je\u015bli nie konto nale\u017cy za\u0142o\u017cy\u0107. Czynno\u015b\u0107 wykonujemy jednokrotnie. Utworzenie konta nie r\u00f3\u017cni si\u0119 niczym od tworzenia konta w innych portalach (np. spo\u0142eczno\u015bciowych). Musimy wej\u015b\u0107 na <a href=\"http:\/\/www.openstreetmap.org\/\">stron\u0119 projektu<\/a>,\u00a0 poda\u0107 nazw\u0119 u\u017cytkownika i has\u0142o oraz prawid\u0142owy adres mailowy (na ten adres zostanie przes\u0142any link aktywacyjny) i potwierdzi\u0107 zapoznanie si\u0119 z zasadami projektu. Po zako\u0144czeniu sprawdzamy poczt\u0119 i aktywujemy konto za pomoc\u0105 odebranego linka. Zalecamy, aby w nazwie u\u017cytkownika lub w informacji o u\u017cytkowniku umie\u015bci\u0107 informacj\u0119, \u017ce u\u017cytkownik jest stra\u017cakiem &#8211; edycje danych istotnych dla s\u0142u\u017cby s\u0105 monitorowane &#8211; unikniemy w ten spos\u00f3b pyta\u0144 czy na pewno wiemy co robimy.<\/p>\n<h3 id=\"2\">Pobranie aplikacji JOSM<\/h3>\n<p>Do dodawania hydrant\u00f3w konieczna jest aplikacja JOSM. Aplikacj\u0119 pobieramy ze <a href=\"https:\/\/josm.openstreetmap.de\/\">strony projektu JOSM<\/a> i instalujemy (windows installer). Tutaj r\u00f3wnie\u017c nie b\u0119dzie \u017cadnych niespodzianek, aplikacja instaluje si\u0119 jak ka\u017cda inna (dalej, dalej, dalej,&#8230;) i nie zawiera \u017cadnych &#8216;d\u00f3br dodanych&#8217; (antywirusy, demonstracyjne wersje innych program\u00f3w czy bezu\u017cyteczne paski narz\u0119dzi do przegl\u0105darek). Aplikacja wymaga \u015brodowiska JAVA, wi\u0119c je\u015bli nie by\u0142o ono wcze\u015bniej zainstalowane nale\u017cy je pobra\u0107 <a href=\"https:\/\/java.com\/pl\/download\/\">ze strony producenta<\/a> i r\u00f3wnie\u017c zainstalowa\u0107. Tutaj ju\u017c nale\u017cy uwa\u017ca\u0107 podczas instalacji poniewa\u017c producent cz\u0119sto dodaje do instalatora dodatkowe oprogramowanie.<br \/>\nPo pobraniu aplikacji i jej pierwszym uruchomieniu konieczna b\u0119dzie jej wst\u0119pna konfiguracja, wi\u0119c uruchamiamy JOSM i wchodzimy w ustawienia (F12 lub Menu&gt;Edycja&gt;Ustawienia). W oknie ustawie\u0144 wybieramy ustawienia po\u0142\u0105czenia (z lewej, drugi obrazek od g\u00f3ry, z ikon\u0105 globusa i wtyczki). W oknie podajemy dane logowania do projektu osm (konto utworzone w pierwszym punkcie instrukcji).<br \/>\n<a href=\"https:\/\/mapa-new.abakus.net.pl\/blog\/wp-content\/uploads\/2015\/09\/Zrzut-ekranu-2015-09-24-10.03.27.png\"><img loading=\"lazy\" class=\"wp-image-640 aligncenter\" src=\"https:\/\/mapa-new.abakus.net.pl\/blog\/wp-content\/uploads\/2015\/09\/Zrzut-ekranu-2015-09-24-10.03.27.png\" alt=\"Zrzut ekranu 2015-09-24 10.03.27\" width=\"602\" height=\"688\" srcset=\"https:\/\/mapa.abakus.net.pl\/blog\/wp-content\/uploads\/2015\/09\/Zrzut-ekranu-2015-09-24-10.03.27.png 700w, https:\/\/mapa.abakus.net.pl\/blog\/wp-content\/uploads\/2015\/09\/Zrzut-ekranu-2015-09-24-10.03.27-263x300.png 263w, https:\/\/mapa.abakus.net.pl\/blog\/wp-content\/uploads\/2015\/09\/Zrzut-ekranu-2015-09-24-10.03.27-131x150.png 131w\" sizes=\"(max-width: 602px) 100vw, 602px\" \/><\/a><\/p>\n<h3 id=\"3\">Przeniesienie plik\u00f3w z urz\u0105dzenia mobilnego<\/h3>\n<p>Aplikacja Stra\u017cakOSM przechowuje dane w folderze &#8216;StrazakOSM&#8217;, kt\u00f3ry znajduje si\u0119 w pami\u0119ci urz\u0105dzenia mobilnego (w zale\u017cno\u015bci od wersji systemu operacyjnego w pami\u0119ci urz\u0105dzenia lub na karcie pami\u0119ci) musimy wi\u0119c pod\u0142\u0105czy\u0107 urz\u0105dzenie (telefon, tablet) do komputera za pomoc\u0105 kabla USB i odnale\u017a\u0107 ten folder.<\/p>\n<p><a href=\"https:\/\/mapa-new.abakus.net.pl\/blog\/wp-content\/uploads\/2015\/09\/Zrzut-ekranu-2015-09-24-10.15.29.png\"><img loading=\"lazy\" class=\"aligncenter size-full wp-image-641\" src=\"https:\/\/mapa-new.abakus.net.pl\/blog\/wp-content\/uploads\/2015\/09\/Zrzut-ekranu-2015-09-24-10.15.29.png\" alt=\"Zrzut ekranu 2015-09-24 10.15.29\" width=\"689\" height=\"491\" srcset=\"https:\/\/mapa.abakus.net.pl\/blog\/wp-content\/uploads\/2015\/09\/Zrzut-ekranu-2015-09-24-10.15.29.png 689w, https:\/\/mapa.abakus.net.pl\/blog\/wp-content\/uploads\/2015\/09\/Zrzut-ekranu-2015-09-24-10.15.29-300x214.png 300w, https:\/\/mapa.abakus.net.pl\/blog\/wp-content\/uploads\/2015\/09\/Zrzut-ekranu-2015-09-24-10.15.29-210x150.png 210w, https:\/\/mapa.abakus.net.pl\/blog\/wp-content\/uploads\/2015\/09\/Zrzut-ekranu-2015-09-24-10.15.29-150x107.png 150w\" sizes=\"(max-width: 689px) 100vw, 689px\" \/><\/a>W folderze powinny znajdowa\u0107 si\u0119 pliki z rozszerzeniem .osm oraz podfolder &#8216;sended&#8217; w kt\u00f3rym aplikacja przechowuje wszystkie przes\u0142ane wcze\u015bniej pliki. Wszystkie pliki znajduj\u0105ce si\u0119 w tym folderze przenosimy (!!!) na komputer. Istotne jest aby nie pozostawi\u0107 plik\u00f3w na urz\u0105dzeniu &#8211; zapobiegnie to przes\u0142aniu ich na nasz serwer lub pr\u00f3bie dodania ich ponownie przy kolejnej sesji dodawania.<\/p>\n<h3 id=\"4\">Wczytanie danych do JOSM<\/h3>\n<p>Je\u015bli mamy ju\u017c pliki przeniesione na komputer mo\u017cemy przyst\u0105pi\u0107 do kolejnego kroku &#8211; przechodzimy do edytor JOSM i otwieramy wszystkie przeniesione z komputera pliki (Menu&gt;Plik&gt;Otw\u00f3rz lub ikona folderu(1)). Ka\u017cdy plik zostanie otwarty jako osobna warstwa i wy\u015bwietlony w managerze warstw (2). Do dalszej pracy warstwy musimy po\u0142\u0105czy\u0107 w jedn\u0105 &#8211; w tym celu zaznaczamy wszystkie warstwy (klik w dowoln\u0105 warstw\u0119 w managerze i CTRL+a) i wybieramy opcj\u0119 \u0142\u0105czenia warstw (3).<\/p>\n<p><a href=\"https:\/\/mapa-new.abakus.net.pl\/blog\/wp-content\/uploads\/2015\/09\/Zrzut-ekranu-2015-09-24-10.25.59.png\"><img loading=\"lazy\" class=\"aligncenter wp-image-642\" src=\"https:\/\/mapa-new.abakus.net.pl\/blog\/wp-content\/uploads\/2015\/09\/Zrzut-ekranu-2015-09-24-10.25.59.png\" alt=\"Zrzut ekranu 2015-09-24 10.25.59\" width=\"599\" height=\"438\" srcset=\"https:\/\/mapa.abakus.net.pl\/blog\/wp-content\/uploads\/2015\/09\/Zrzut-ekranu-2015-09-24-10.25.59.png 1149w, https:\/\/mapa.abakus.net.pl\/blog\/wp-content\/uploads\/2015\/09\/Zrzut-ekranu-2015-09-24-10.25.59-300x219.png 300w, https:\/\/mapa.abakus.net.pl\/blog\/wp-content\/uploads\/2015\/09\/Zrzut-ekranu-2015-09-24-10.25.59-1024x749.png 1024w, https:\/\/mapa.abakus.net.pl\/blog\/wp-content\/uploads\/2015\/09\/Zrzut-ekranu-2015-09-24-10.25.59-205x150.png 205w, https:\/\/mapa.abakus.net.pl\/blog\/wp-content\/uploads\/2015\/09\/Zrzut-ekranu-2015-09-24-10.25.59-150x110.png 150w\" sizes=\"(max-width: 599px) 100vw, 599px\" \/><\/a><\/p>\n<h3 id=\"5\">Weryfikacja danych<\/h3>\n<p>Kolejnym krokiem jest weryfikacja danych przed przes\u0142aniem ich do projektu. W tym celu musimy pobra\u0107 interesuj\u0105cy nas fragment mapy. Ustawiamy widok tak, aby w oknie edycji(1) widoczne by\u0142y wszystkie nasze hydranty (do\u015b\u0107 &#8216;ciasno&#8217;, ale tak, \u017ceby na podzia\u0142ce skali (2) warto\u015b\u0107 nie by\u0142a ni\u017csza ni\u017c 20m) i klikamy przycisk pobierania danych(3). Nawigacja w oknie edycji &#8211; powi\u0119kszenie rolk\u0105 myszy, przesuwanie za pomoc\u0105 prawego przycisku myszy.<\/p>\n<p><a href=\"https:\/\/mapa-new.abakus.net.pl\/blog\/wp-content\/uploads\/2015\/09\/Zrzut-ekranu-2015-09-24-10.47.08.png\"><img loading=\"lazy\" class=\"aligncenter wp-image-643\" src=\"https:\/\/mapa-new.abakus.net.pl\/blog\/wp-content\/uploads\/2015\/09\/Zrzut-ekranu-2015-09-24-10.47.08.png\" alt=\"Zrzut ekranu 2015-09-24 10.47.08\" width=\"601\" height=\"439\" srcset=\"https:\/\/mapa.abakus.net.pl\/blog\/wp-content\/uploads\/2015\/09\/Zrzut-ekranu-2015-09-24-10.47.08.png 1149w, https:\/\/mapa.abakus.net.pl\/blog\/wp-content\/uploads\/2015\/09\/Zrzut-ekranu-2015-09-24-10.47.08-300x219.png 300w, https:\/\/mapa.abakus.net.pl\/blog\/wp-content\/uploads\/2015\/09\/Zrzut-ekranu-2015-09-24-10.47.08-1024x749.png 1024w, https:\/\/mapa.abakus.net.pl\/blog\/wp-content\/uploads\/2015\/09\/Zrzut-ekranu-2015-09-24-10.47.08-205x150.png 205w, https:\/\/mapa.abakus.net.pl\/blog\/wp-content\/uploads\/2015\/09\/Zrzut-ekranu-2015-09-24-10.47.08-150x110.png 150w\" sizes=\"(max-width: 601px) 100vw, 601px\" \/><\/a>W oknie pobierania automatycznie zostanie zaznaczony interesuj\u0105cy nas obszar, wi\u0119c musimy tylko zaznaczy\u0107 opcj\u0119 &#8216;Pobierz jako now\u0105 warstw\u0119&#8217; i wybra\u0107 przycisk pobierz<\/p>\n<p><a href=\"https:\/\/mapa-new.abakus.net.pl\/blog\/wp-content\/uploads\/2015\/09\/Zrzut-ekranu-2015-09-24-10.54.42.png\"><img loading=\"lazy\" class=\"aligncenter wp-image-645\" src=\"https:\/\/mapa-new.abakus.net.pl\/blog\/wp-content\/uploads\/2015\/09\/Zrzut-ekranu-2015-09-24-10.54.42.png\" alt=\"Zrzut ekranu 2015-09-24 10.54.42\" width=\"601\" height=\"442\" srcset=\"https:\/\/mapa.abakus.net.pl\/blog\/wp-content\/uploads\/2015\/09\/Zrzut-ekranu-2015-09-24-10.54.42.png 641w, https:\/\/mapa.abakus.net.pl\/blog\/wp-content\/uploads\/2015\/09\/Zrzut-ekranu-2015-09-24-10.54.42-300x220.png 300w, https:\/\/mapa.abakus.net.pl\/blog\/wp-content\/uploads\/2015\/09\/Zrzut-ekranu-2015-09-24-10.54.42-204x150.png 204w, https:\/\/mapa.abakus.net.pl\/blog\/wp-content\/uploads\/2015\/09\/Zrzut-ekranu-2015-09-24-10.54.42-150x110.png 150w\" sizes=\"(max-width: 601px) 100vw, 601px\" \/><\/a>Je\u015bli JOSM wy\u015bwietli komunikat informuj\u0105cy, \u017ce \u017c\u0105dany fragment mapy jest zbyt du\u017cy, weryfikacj\u0119 trzeba b\u0119dzie przeprowadzi\u0107 w kilku etapach pobieraj\u0105c kilka mniejszych fragment\u00f3w, je\u015bli wy\u015bwietli komunikat informuj\u0105cy, \u017ce w pobieranym obszarze nie ma \u017cadnych danych konieczne b\u0119dzie pobranie wi\u0119kszego fragmentu. Po pobraniu danych prze\u0142\u0105czamy si\u0119 ponownie na warstw\u0119 z hydrantami (1) stawiaj\u0105c przy niej ikon\u0119 &#8216;v&#8217; w zielonym kole &#8211; pobrane dane wy\u015bwietl\u0105 si\u0119 w skali szaro\u015bci a nasze hydranty b\u0119d\u0105 kolorowe. Teraz wykonujemy weryfikacj\u0119 &#8211; w\u0142\u0105czaj\u0105c i wy\u0142\u0105czaj\u0105c widoczno\u015b\u0107 naszej warstwy (ikona oka w managerze warstw) mo\u017cemy sprawdzi\u0107 czy dodawane hydranty nie by\u0142y ju\u017c wcze\u015bniej dodane (nie istniej\u0105 w mapie g\u0142\u00f3wnej). Je\u015bli istniej\u0105 usuwamy je z dodawanych danych(zaznaczenie i przycisk &#8216;del&#8217;). Je\u015bli konieczne jest przesuni\u0119cie jakiego\u015b hydrantu wybieramy narz\u0119dzie edycji (2) i przesuwamy go za pomoc\u0105 lewego przycisku myszy. Je\u015bli trzeba zmieni\u0107 jaki\u015b parametr dodawanego hydrantu zaznaczamy go lewym przyciskiem myszy i w oknie tag\u00f3w (3) wybieramy link do szablonu edycji hydrantu (4). Je\u015bli okno tag\u00f3w nie jest widoczne mo\u017cna go w\u0142\u0105czy\u0107 za pomoc\u0105 przycisku widoczno\u015bci (5).<\/p>\n<p><a href=\"https:\/\/mapa-new.abakus.net.pl\/blog\/wp-content\/uploads\/2015\/09\/Zrzut-ekranu-2015-09-24-11.09.24.png\"><img loading=\"lazy\" class=\"aligncenter wp-image-646\" src=\"https:\/\/mapa-new.abakus.net.pl\/blog\/wp-content\/uploads\/2015\/09\/Zrzut-ekranu-2015-09-24-11.09.24.png\" alt=\"Zrzut ekranu 2015-09-24 11.09.24\" width=\"600\" height=\"440\" srcset=\"https:\/\/mapa.abakus.net.pl\/blog\/wp-content\/uploads\/2015\/09\/Zrzut-ekranu-2015-09-24-11.09.24.png 1148w, https:\/\/mapa.abakus.net.pl\/blog\/wp-content\/uploads\/2015\/09\/Zrzut-ekranu-2015-09-24-11.09.24-300x220.png 300w, https:\/\/mapa.abakus.net.pl\/blog\/wp-content\/uploads\/2015\/09\/Zrzut-ekranu-2015-09-24-11.09.24-1024x750.png 1024w, https:\/\/mapa.abakus.net.pl\/blog\/wp-content\/uploads\/2015\/09\/Zrzut-ekranu-2015-09-24-11.09.24-205x150.png 205w, https:\/\/mapa.abakus.net.pl\/blog\/wp-content\/uploads\/2015\/09\/Zrzut-ekranu-2015-09-24-11.09.24-150x110.png 150w\" sizes=\"(max-width: 600px) 100vw, 600px\" \/><\/a><\/p>\n<h3 id=\"6\">Wys\u0142anie danych<\/h3>\n<p>Po weryfikacji danych jeste\u015bmy gotowi do przes\u0142ania ich do projektu OSM, w tym celu wybieramy przycisk &#8216;Wy\u015blij'(1). W oknie wysy\u0142ania danych pojawi si\u0119 podsumowanie naszej edycji (2) oraz okna w kt\u00f3rych nale\u017cy poda\u0107 opis zmian (3) oraz ich \u017ar\u00f3d\u0142o (4). Jako opis podajemy &#8216;Dodanie hydrant\u00f3w zebranych za pomoc\u0105 aplikacji StrazakOSM&#8217;, jako \u017ar\u00f3d\u0142o danych &#8216;StrazakOSM;survey&#8217; i wybieramy przycisk &#8216;Wy\u015blij zmiany&#8217; (5)<\/p>\n<p><a href=\"https:\/\/mapa-new.abakus.net.pl\/blog\/wp-content\/uploads\/2015\/09\/Zrzut-ekranu-2015-09-24-11.23.54.png\"><img loading=\"lazy\" class=\"aligncenter wp-image-647\" src=\"https:\/\/mapa-new.abakus.net.pl\/blog\/wp-content\/uploads\/2015\/09\/Zrzut-ekranu-2015-09-24-11.23.54.png\" alt=\"Zrzut ekranu 2015-09-24 11.23.54\" width=\"599\" height=\"438\" srcset=\"https:\/\/mapa.abakus.net.pl\/blog\/wp-content\/uploads\/2015\/09\/Zrzut-ekranu-2015-09-24-11.23.54.png 1148w, https:\/\/mapa.abakus.net.pl\/blog\/wp-content\/uploads\/2015\/09\/Zrzut-ekranu-2015-09-24-11.23.54-300x219.png 300w, https:\/\/mapa.abakus.net.pl\/blog\/wp-content\/uploads\/2015\/09\/Zrzut-ekranu-2015-09-24-11.23.54-1024x748.png 1024w, https:\/\/mapa.abakus.net.pl\/blog\/wp-content\/uploads\/2015\/09\/Zrzut-ekranu-2015-09-24-11.23.54-205x150.png 205w, https:\/\/mapa.abakus.net.pl\/blog\/wp-content\/uploads\/2015\/09\/Zrzut-ekranu-2015-09-24-11.23.54-150x110.png 150w\" sizes=\"(max-width: 599px) 100vw, 599px\" \/><\/a>Dane zosta\u0142y przes\u0142ane do projektu, pozostaje nam jedynie czeka\u0107 na ich pojawienie si\u0119 na mapach. Przes\u0142ane dane mo\u017cna zweryfikowa\u0107 na <a href=\"http:\/\/mapa.abakus.net.pl\/mapa.html#zoom=3&amp;lat=448948.88712&amp;lon=529937.22513&amp;layers=B00000TTFTFFTF\">mapie serwera AbakusOSM<\/a> &#8211; \u017ceby zobaczy\u0107 dane z pomini\u0119ciem mechanizmu cache serwera (czyli stan faktyczny bazy) konieczne jest wybranie z menu dost\u0119pnego pod ikon\u0105 &#8216;+&#8217; przy prawej kraw\u0119dzi ekranu opcji &#8216;Live &#8211; Hydranty&#8217; zamiast &#8216;Hydranty&#8217;<\/p>\n<h3>Uwagi ko\u0144cowe<\/h3>\n<ol>\n<li>Nale\u017cy zwr\u00f3ci\u0107 uwag\u0119 aby po ca\u0142ej operacji dodane pliki przenie\u015b\u0107 do innego folderu lub w dowolny inny spos\u00f3b oznaczy\u0107 je jako dodane do projektu, co zapobiegnie dodaniu ich po raz kolejny i utworzeniu dubli.<\/li>\n<li>Pobrany edytor JOSM s\u0142u\u017cy do edycji danych w projekcie OSM &#8211; za jego pomoc\u0105 mo\u017cna edytowa\u0107 wszystkie dane w projekcie (np. budynki, nazwy i przebiegi ulic, itd.) Gor\u0105co zach\u0119camy do w\u0142\u0105czenia si\u0119 w rysowanie mapy OSM, jednak przed rozpocz\u0119ciem zalecamy zapoznanie si\u0119 z <a href=\"http:\/\/forum.openstreetmap.org\/viewtopic.php?id=5632\">zasadami edycji<\/a> oraz <a href=\"http:\/\/wiki.openstreetmap.org\/wiki\/Pl:JOSM\">obs\u0142ugi edytora JOSM<\/a>.<\/li>\n<li>Dodane hydranty trafiaj\u0105 na nasz serwer i mamy ich podgl\u0105d przez stron\u0119, ale w aplikacji MapaST pojawi\u0105 si\u0119 dopiero po od\u015bwie\u017ceniu cache serwera &#8211; mo\u017ce to potrwa\u0107 nawet kilka dni dlatego po dodaniu wi\u0119kszej ilo\u015bci hydrant\u00f3w <a href=\"mailto:mapa@abakus.net.pl\">prosimy o informacj\u0119<\/a> &#8211; wymusimy r\u0119cznie od\u015bwie\u017cenie mapy.<\/li>\n<li>Je\u015bli podczas nauki dodawania hydrant\u00f3w pojawi\u0105 si\u0119 jakie\u015b problemy lub pytania prosimy o kontakt telefoniczny.<\/li>\n<\/ol>\n","protected":false},"excerpt":{"rendered":"<p>Hydranty i pikieta\u017c zebrane za pomoc\u0105 aplikacji Stra\u017cakOSM mo\u017cna przes\u0142a\u0107 na nasz serwer, sk\u0105d s\u0105 one \u015brednio dwa razy w tygodniu pobierane, weryfikowane i dodawane do projektu OSM, jednak w zwi\u0105zku z licznymi pytaniami o mo\u017cliwo\u015b\u0107 samodzielnego dodawania zebranych hydrant\u00f3w, oraz\u00a0ich weryfikacji przed dodaniem zamieszczamy kr\u00f3tk\u0105 instrukcj\u0119, kt\u00f3ra pozwoli wykona\u0107 \u2026 <a class=\"continue-reading-link\" href=\"https:\/\/mapa.abakus.net.pl\/blog\/?page_id=638\"> Continue reading <span class=\"meta-nav\">&rarr; <\/span><\/a><\/p>\n","protected":false},"author":3,"featured_media":0,"parent":0,"menu_order":0,"comment_status":"closed","ping_status":"closed","template":"","meta":[],"_links":{"self":[{"href":"https:\/\/mapa.abakus.net.pl\/blog\/index.php?rest_route=\/wp\/v2\/pages\/638"}],"collection":[{"href":"https:\/\/mapa.abakus.net.pl\/blog\/index.php?rest_route=\/wp\/v2\/pages"}],"about":[{"href":"https:\/\/mapa.abakus.net.pl\/blog\/index.php?rest_route=\/wp\/v2\/types\/page"}],"author":[{"embeddable":true,"href":"https:\/\/mapa.abakus.net.pl\/blog\/index.php?rest_route=\/wp\/v2\/users\/3"}],"replies":[{"embeddable":true,"href":"https:\/\/mapa.abakus.net.pl\/blog\/index.php?rest_route=%2Fwp%2Fv2%2Fcomments&post=638"}],"version-history":[{"count":7,"href":"https:\/\/mapa.abakus.net.pl\/blog\/index.php?rest_route=\/wp\/v2\/pages\/638\/revisions"}],"predecessor-version":[{"id":655,"href":"https:\/\/mapa.abakus.net.pl\/blog\/index.php?rest_route=\/wp\/v2\/pages\/638\/revisions\/655"}],"wp:attachment":[{"href":"https:\/\/mapa.abakus.net.pl\/blog\/index.php?rest_route=%2Fwp%2Fv2%2Fmedia&parent=638"}],"curies":[{"name":"wp","href":"https:\/\/api.w.org\/{rel}","templated":true}]}}