{"id":537,"date":"2014-10-29T13:29:11","date_gmt":"2014-10-29T11:29:11","guid":{"rendered":"https:\/\/mapa-new.abakus.net.pl\/blog\/?page_id=537"},"modified":"2014-10-29T13:32:10","modified_gmt":"2014-10-29T11:32:10","slug":"osm-hydrant-edycja-przeslanych-hydrantow","status":"publish","type":"page","link":"https:\/\/mapa.abakus.net.pl\/blog\/?page_id=537","title":{"rendered":"OSM Hydrant &#8211; Edycja przes\u0142anych hydrant\u00f3w"},"content":{"rendered":"<p style=\"text-align: center;\"><strong>Kr\u00f3tka instrukcja korzystania z OSM Hydrant.<\/strong><\/p>\n<p><a href=\"https:\/\/mapa-new.abakus.net.pl\/blog\/wp-content\/uploads\/2014\/10\/OSMHydrant_1.png\"><img loading=\"lazy\" class=\"aligncenter wp-image-539\" src=\"https:\/\/mapa-new.abakus.net.pl\/blog\/wp-content\/uploads\/2014\/10\/OSMHydrant_1.png\" alt=\"OSMHydrant_1\" width=\"800\" height=\"505\" border=\"1\" srcset=\"https:\/\/mapa.abakus.net.pl\/blog\/wp-content\/uploads\/2014\/10\/OSMHydrant_1.png 891w, https:\/\/mapa.abakus.net.pl\/blog\/wp-content\/uploads\/2014\/10\/OSMHydrant_1-300x189.png 300w, https:\/\/mapa.abakus.net.pl\/blog\/wp-content\/uploads\/2014\/10\/OSMHydrant_1-237x150.png 237w, https:\/\/mapa.abakus.net.pl\/blog\/wp-content\/uploads\/2014\/10\/OSMHydrant_1-150x94.png 150w\" sizes=\"(max-width: 800px) 100vw, 800px\" \/><\/a><\/p>\n<p>Osm Hydrant to dost\u0119pna przez przegl\u0105dark\u0119 internetow\u0105 aplikacja pozwalaj\u0105ca na przegl\u0105danie bazy hydrant\u00f3w (wraz z ich nominalnym zasi\u0119giem) oraz ich edycji.<\/p>\n<p><strong>Uwaga<\/strong> \u2013 do edycji danych konieczne jest <a href=\"https:\/\/www.openstreetmap.org\/user\/new\">za\u0142o\u017cenie konta w projekcie OSM<\/a> oraz autoryzacja aplikacji.<\/p>\n<p>Po uruchomieniu aplikacja wy\u015bwietli centrum Wiednia, wiec w oknie wyszukiwania adresu (1) wpisujemy interesuj\u0105c\u0105 nas miejscowo\u015b\u0107, a po wy\u015bwietleniu jej obszaru za pomoc\u0105 przycisku od\u015bwie\u017c (10) czy\u015bcimy pami\u0119\u0107 przegl\u0105darki.<\/p>\n<p>Aplikacja posiada nast\u0119puj\u0105ce funkcje:<\/p>\n<ol>\n<li><strong>Wyszukiwanie adresu<\/strong><\/li>\n<li><strong>Przyciski +\/-<\/strong>\u00a0 pozwalaj\u0105ce na przybli\u017canie i oddalanie mapy (dzia\u0142a r\u00f3wnie\u017c tak rolka myszy)<\/li>\n<li><strong>Prze\u0142\u0105cznik trybu pe\u0142noekranowego<\/strong> \u2013 ukrywa wszystkie menu i pozwala na prac\u0119 na pe\u0142nym ekranie. Opuszczenie tego trybu odbywa si\u0119 za pomoc\u0105 przycisku ESC.<\/li>\n<li><strong>Dodawanie nowego hydrantu<\/strong> \u2013 Po wybraniu tej opcji na ekranie wy\u015bwietlony zostanie znacznik, kt\u00f3ry umieszczamy w miejscu dodawanego hydrantu i wybieramy przycisk <span style=\"text-decoration: underline;\">Zapami\u0119taj. Nast\u0119pnie wy\u015bwietlone zostanie okno pozwalaj\u0105ce na podanie danych szczeg\u00f3\u0142owych hydrantu takich jak typ, po\u0142o\u017cenie czy \u015brednica.<\/span><\/li>\n<li><strong>Dodawanie nowego punktu poboru wody<\/strong> \u2013 procedura dodawania analogiczna do dodawania hydrantu<\/li>\n<li><strong>Dodawanie nowego zbiornika ppo\u017c<\/strong> &#8211; procedura dodawania analogiczna do dodawania hydrantu<\/li>\n<li><strong>Pomiar odleg\u0142o\u015bci<\/strong> \u2013 narz\u0119dzie pozwalaj\u0105ce na pomiar odleg\u0142o\u015bci na mapie<\/li>\n<li><strong>Lewy panel<\/strong> \u2013 przycisk pozwalaj\u0105cy na ukrycie lub wy\u015bwietlenie lewego menu.<\/li>\n<li><strong>Prawy panel<\/strong> \u2013 przycisk pozwalaj\u0105cy na ukrycie lub wy\u015bwietlenie prawego panelu aplikacji prezentuj\u0105cego dane o hydrantach znajduj\u0105cych si\u0119 w aktualnym obszarze mapy.<\/li>\n<li><strong>Przycisk od\u015bwie\u017c<\/strong> \u2013 czy\u015bci pami\u0119\u0107 przegl\u0105darki i ponownie wczytuje hydranty w wybranym obszarze mapy \u2013 przydatne w przypadku zmiany obszaru edycji.<\/li>\n<li><strong>Eksport<\/strong> \u2013 przycisk pozwalaj\u0105cy na eksport aktualnego obszaru mapy do pliku graficznego<\/li>\n<\/ol>\n<p>Dodatkowo po zaznaczeniu dowolnego hydrantu na mapie uzyskujemy mo\u017cliwo\u015b\u0107 edycji jego szczeg\u00f3\u0142owych danych, przesuni\u0119cia, czy usuni\u0119cia (ostro\u017cnie!).<\/p>\n<p><a href=\"https:\/\/mapa-new.abakus.net.pl\/blog\/wp-content\/uploads\/2014\/10\/OSMHydrant_2.png\"><img loading=\"lazy\" class=\"aligncenter size-full wp-image-540\" src=\"https:\/\/mapa-new.abakus.net.pl\/blog\/wp-content\/uploads\/2014\/10\/OSMHydrant_2.png\" alt=\"OSMHydrant_2\" width=\"367\" height=\"210\" border=\"1\" srcset=\"https:\/\/mapa.abakus.net.pl\/blog\/wp-content\/uploads\/2014\/10\/OSMHydrant_2.png 367w, https:\/\/mapa.abakus.net.pl\/blog\/wp-content\/uploads\/2014\/10\/OSMHydrant_2-300x171.png 300w, https:\/\/mapa.abakus.net.pl\/blog\/wp-content\/uploads\/2014\/10\/OSMHydrant_2-250x143.png 250w, https:\/\/mapa.abakus.net.pl\/blog\/wp-content\/uploads\/2014\/10\/OSMHydrant_2-150x85.png 150w\" sizes=\"(max-width: 367px) 100vw, 367px\" \/><\/a><\/p>\n<p>Projekt OSM Hydrant w chwili pisania tego artyku\u0142u jest w fazie beta3, wi\u0119c prosimy uwa\u017ca\u0107 na ewentualne drobne b\u0142\u0119dy.<\/p>\n<p>Uwaga:<\/p>\n<ol>\n<li>Projekt OSM Hydrant nie jest produktem firmy Abakus ST! Zach\u0119camy do jego u\u017cywania gdy\u017c uwa\u017camy, \u017ce mo\u017ce by\u0107 przydatny przy tworzeniu mapy sieci hydrantowej. Nale\u017cy jedynie pami\u0119ta\u0107, \u017ce\u00a0 ew pytania i uwagi nale\u017cy zg\u0142asza\u0107 do autor\u00f3w tego projektu.<\/li>\n<li>Przypominamy, \u017ce ze wzgl\u0119du na otwarty charakter projektu OpenStreetMap, w celu chronienia zawartych w nim danych istotnych dla PSP, zar\u00f3wno pracownicy naszej firmy jak i inne osoby zaanga\u017cowane w projekt OSM, po ka\u017cdej edycji czy usuni\u0119ciu hydrantu z mapy OSM otrzymuj\u0105 o tym informacj\u0119. Dlatego zalecamy aby osoby planuj\u0105ce powa\u017cne edycje lub usuni\u0119cia wcze\u015bniej <a href=\"mailoto:mapa@abakus.net.pl\">powiadomi\u0142y o tym fakcie mailem<\/a>\u00a0 dzia\u0142 Technologii GIS naszej firmy. Ka\u017cda edycja danych kt\u00f3re monitorujemy, mo\u017ce potrzeb\u0119 potwierdzenia tego faktu, u\u015bci\u015blenia ich zakresu i zasadno\u015b\u0107, za\u015b w szczeg\u00f3lnych przypadkach nawet &#8220;rewert&#8221; (cofni\u0119cie) ca\u0142ego zestawu zmian.<\/li>\n<\/ol>\n","protected":false},"excerpt":{"rendered":"<p>Kr\u00f3tka instrukcja korzystania z OSM Hydrant. Osm Hydrant to dost\u0119pna przez przegl\u0105dark\u0119 internetow\u0105 aplikacja pozwalaj\u0105ca na przegl\u0105danie bazy hydrant\u00f3w (wraz z ich nominalnym zasi\u0119giem) oraz ich edycji. Uwaga \u2013 do edycji danych konieczne jest za\u0142o\u017cenie konta w projekcie OSM oraz autoryzacja aplikacji. Po uruchomieniu aplikacja wy\u015bwietli centrum Wiednia, wiec w \u2026 <a class=\"continue-reading-link\" href=\"https:\/\/mapa.abakus.net.pl\/blog\/?page_id=537\"> Continue reading <span class=\"meta-nav\">&rarr; <\/span><\/a><\/p>\n","protected":false},"author":3,"featured_media":0,"parent":39,"menu_order":0,"comment_status":"closed","ping_status":"closed","template":"","meta":[],"_links":{"self":[{"href":"https:\/\/mapa.abakus.net.pl\/blog\/index.php?rest_route=\/wp\/v2\/pages\/537"}],"collection":[{"href":"https:\/\/mapa.abakus.net.pl\/blog\/index.php?rest_route=\/wp\/v2\/pages"}],"about":[{"href":"https:\/\/mapa.abakus.net.pl\/blog\/index.php?rest_route=\/wp\/v2\/types\/page"}],"author":[{"embeddable":true,"href":"https:\/\/mapa.abakus.net.pl\/blog\/index.php?rest_route=\/wp\/v2\/users\/3"}],"replies":[{"embeddable":true,"href":"https:\/\/mapa.abakus.net.pl\/blog\/index.php?rest_route=%2Fwp%2Fv2%2Fcomments&post=537"}],"version-history":[{"count":10,"href":"https:\/\/mapa.abakus.net.pl\/blog\/index.php?rest_route=\/wp\/v2\/pages\/537\/revisions"}],"predecessor-version":[{"id":553,"href":"https:\/\/mapa.abakus.net.pl\/blog\/index.php?rest_route=\/wp\/v2\/pages\/537\/revisions\/553"}],"up":[{"embeddable":true,"href":"https:\/\/mapa.abakus.net.pl\/blog\/index.php?rest_route=\/wp\/v2\/pages\/39"}],"wp:attachment":[{"href":"https:\/\/mapa.abakus.net.pl\/blog\/index.php?rest_route=%2Fwp%2Fv2%2Fmedia&parent=537"}],"curies":[{"name":"wp","href":"https:\/\/api.w.org\/{rel}","templated":true}]}}