{"id":42,"date":"2013-08-19T15:50:09","date_gmt":"2013-08-19T13:50:09","guid":{"rendered":"https:\/\/mapa-new.abakus.net.pl\/blog\/?page_id=42"},"modified":"2017-03-03T09:31:00","modified_gmt":"2017-03-03T07:31:00","slug":"serwer-abakusosm","status":"publish","type":"page","link":"https:\/\/mapa.abakus.net.pl\/blog\/","title":{"rendered":"Serwer AbakusOSM"},"content":{"rendered":"<p><strong>AbakusOSM<\/strong> to serwer map cyfrowych przygotowany i utrzymywany przez firm\u0119 <a href=\"http:\/\/abakus.net.pl\/\">Abakus Systemy Teleinformatyczne Sp. z o.o.<\/a>\u00a0 Serwer ten wykorzystuje dane projektu OpenStreetMap i udost\u0119pnia w ten spos\u00f3b map\u0119 Polski dla aplikacji <a href=\"http:\/\/abakus.net.pl\/products\/mapa.html\">Mapa-ST<\/a> w systemie SWD-ST oraz dla aplikacji mobilnej <a href=\"http:\/\/abakus.net.pl\/products\/terminalst.html\" target=\"_blank\">TerminalST<\/a>.<\/p>\n<p><iframe style=\"background: #FFFFFF; border: 1px solid black;\" src=\"\/mapa\/\" width=\"100%\" height=\"700\" frameborder=\"1\"><\/iframe><\/p>\n","protected":false},"excerpt":{"rendered":"<p>AbakusOSM to serwer map cyfrowych przygotowany i utrzymywany przez firm\u0119 Abakus Systemy Teleinformatyczne Sp. z o.o.\u00a0 Serwer ten wykorzystuje dane projektu OpenStreetMap i udost\u0119pnia w ten spos\u00f3b map\u0119 Polski dla aplikacji Mapa-ST w systemie SWD-ST oraz dla aplikacji mobilnej TerminalST.<\/p>\n","protected":false},"author":4,"featured_media":0,"parent":0,"menu_order":0,"comment_status":"closed","ping_status":"closed","template":"","meta":[],"_links":{"self":[{"href":"https:\/\/mapa.abakus.net.pl\/blog\/index.php?rest_route=\/wp\/v2\/pages\/42"}],"collection":[{"href":"https:\/\/mapa.abakus.net.pl\/blog\/index.php?rest_route=\/wp\/v2\/pages"}],"about":[{"href":"https:\/\/mapa.abakus.net.pl\/blog\/index.php?rest_route=\/wp\/v2\/types\/page"}],"author":[{"embeddable":true,"href":"https:\/\/mapa.abakus.net.pl\/blog\/index.php?rest_route=\/wp\/v2\/users\/4"}],"replies":[{"embeddable":true,"href":"https:\/\/mapa.abakus.net.pl\/blog\/index.php?rest_route=%2Fwp%2Fv2%2Fcomments&post=42"}],"version-history":[{"count":21,"href":"https:\/\/mapa.abakus.net.pl\/blog\/index.php?rest_route=\/wp\/v2\/pages\/42\/revisions"}],"predecessor-version":[{"id":659,"href":"https:\/\/mapa.abakus.net.pl\/blog\/index.php?rest_route=\/wp\/v2\/pages\/42\/revisions\/659"}],"wp:attachment":[{"href":"https:\/\/mapa.abakus.net.pl\/blog\/index.php?rest_route=%2Fwp%2Fv2%2Fmedia&parent=42"}],"curies":[{"name":"wp","href":"https:\/\/api.w.org\/{rel}","templated":true}]}}