{"id":280,"date":"2013-09-06T10:00:10","date_gmt":"2013-09-06T08:00:10","guid":{"rendered":"https:\/\/mapa-new.abakus.net.pl\/blog\/?page_id=280"},"modified":"2023-05-08T13:30:09","modified_gmt":"2023-05-08T11:30:09","slug":"strazakosm-instrukcja-obslugi","status":"publish","type":"page","link":"https:\/\/mapa.abakus.net.pl\/blog\/?page_id=280","title":{"rendered":"Stra\u017cakOSM &#8211; Instrukcja obs\u0142ugi"},"content":{"rendered":"<h2><strong>Instrukcja obs\u0142ugi<\/strong><\/h2>\n<p><a href=\"#1\">1. Instalacja aplikacji ze Sklepu Play<\/a><br \/>\n<a href=\"#2\">2. Uruchamianie &#8211; warunki pracy<\/a><br \/>\n<a href=\"#3\">3. Zbieranie hydrant\u00f3w<\/a><br \/>\n<a href=\"#4\">4. Zbieranie pikieta\u017cu<\/a><br \/>\n<a href=\"#5\">5. Podgl\u0105d danych na mapie<\/a><br \/>\n<a href=\"#6\" data-wplink-edit=\"true\">6. Przesy\u0142anie danych do AbakusOSM<\/a><\/p>\n<h3><a id=\"1\"><\/a> Instalacja aplikacji ze Sklepu Play<\/h3>\n<p style=\"text-align: justify;\">Aplikacja Stra\u017cakOSM dost\u0119pna jest w Sklepie Play pod nazw\u0105 &#8220;<a href=\"https:\/\/play.google.com\/store\/apps\/details?id=pl.openstreetmap.dotevo.strazak&amp;hl=pl\" target=\"_blank\" rel=\"noopener noreferrer\">Stra\u017cakOSM<\/a>&#8220;.<\/p>\n<h3><a id=\"2\"><\/a> Uruchamianie &#8211; warunki pracy<\/h3>\n<p style=\"text-align: justify;\">Do prawid\u0142owej pracy aplikacji konieczny jest prawid\u0142owo dzia\u0142aj\u0105cy odbiornik GPS w telefonie. Je\u015bli aplikacja nie uzyskuje aktualnej pozycji z GPS lub otrzymywana pozycja ma zbyt ma\u0142\u0105 dok\u0142adno\u015b\u0107 aplikacja nie pozwoli na zapisanie \u017cadnych danych. Przed uruchomieniem aplikacji prosimy o sprawdzenie czy odbiornik GPS w telefonie jest w\u0142\u0105czony oraz zalecamy wyj\u015bcie z budynku &#8211; odbiorniki GPS w budynkach mog\u0105 dzia\u0142a\u0107 nieprawid\u0142owo. Aplikacja posiada dwa ekrany podstawowe &#8211; jeden s\u0142u\u017c\u0105cy do zbierania hydrant\u00f3w, drugi do zbierania pikieta\u017cu. Mi\u0119dzy ekranami poruszamy si\u0119 przesuwaj\u0105c je w poziomie dok\u0142adnie tak samo jak g\u0142\u00f3wny pulpit telefonu, lub za pomoc\u0105 opcji Menu &gt; Zmie\u0144 widok.<\/p>\n<p style=\"text-align: center;\"><a href=\"https:\/\/mapa.abakus.net.pl\/blog\/wp-content\/uploads\/2013\/09\/ekrany-golwnr.jpg\"><img loading=\"lazy\" class=\"wp-image-283 size-medium aligncenter\" style=\"border: 1px solid black;\" src=\"https:\/\/mapa.abakus.net.pl\/blog\/wp-content\/uploads\/2013\/09\/ekrany-golwnr-300x225.jpg\" alt=\"\" width=\"300\" height=\"225\" srcset=\"https:\/\/mapa.abakus.net.pl\/blog\/wp-content\/uploads\/2013\/09\/ekrany-golwnr-300x225.jpg 300w, https:\/\/mapa.abakus.net.pl\/blog\/wp-content\/uploads\/2013\/09\/ekrany-golwnr-200x150.jpg 200w, https:\/\/mapa.abakus.net.pl\/blog\/wp-content\/uploads\/2013\/09\/ekrany-golwnr.jpg 640w\" sizes=\"(max-width: 300px) 100vw, 300px\" \/><\/a><\/p>\n<p style=\"text-align: justify;\">\u00a0Trzeci ekran aplikacji to podgl\u0105d na map\u0119 serwera AbakusOSM i dost\u0119pny jest wy\u0142\u0105cznie przez wybranie opcji Menu &gt; Mapa OSM<\/p>\n<p><a href=\"https:\/\/mapa.abakus.net.pl\/blog\/wp-content\/uploads\/2013\/09\/2013-09-05_15-23-47.jpg\"><img loading=\"lazy\" class=\"aligncenter wp-image-279 size-medium\" style=\"border: 1px solid black;\" src=\"https:\/\/mapa.abakus.net.pl\/blog\/wp-content\/uploads\/2013\/09\/2013-09-05_15-23-47-200x300.jpg\" alt=\"\" width=\"200\" height=\"300\" srcset=\"https:\/\/mapa.abakus.net.pl\/blog\/wp-content\/uploads\/2013\/09\/2013-09-05_15-23-47-200x300.jpg 200w, https:\/\/mapa.abakus.net.pl\/blog\/wp-content\/uploads\/2013\/09\/2013-09-05_15-23-47-100x150.jpg 100w, https:\/\/mapa.abakus.net.pl\/blog\/wp-content\/uploads\/2013\/09\/2013-09-05_15-23-47.jpg 320w\" sizes=\"(max-width: 200px) 100vw, 200px\" \/><\/a><\/p>\n<h3><a id=\"3\"><\/a> Zbieranie hydrant\u00f3w<\/h3>\n<p style=\"text-align: justify;\">Do zbierania danych o hydrantach dedykowany jest pierwszy z podstawowych ekran\u00f3w aplikacji.<\/p>\n<p style=\"text-align: justify;\"><a href=\"https:\/\/mapa.abakus.net.pl\/blog\/wp-content\/uploads\/2013\/09\/2013-09-05_15-22-48.jpg\"><img loading=\"lazy\" class=\"aligncenter wp-image-275 size-medium\" style=\"border: 1px solid black;\" src=\"https:\/\/mapa.abakus.net.pl\/blog\/wp-content\/uploads\/2013\/09\/2013-09-05_15-22-48-200x300.jpg\" alt=\"\" width=\"200\" height=\"300\" srcset=\"https:\/\/mapa.abakus.net.pl\/blog\/wp-content\/uploads\/2013\/09\/2013-09-05_15-22-48-200x300.jpg 200w, https:\/\/mapa.abakus.net.pl\/blog\/wp-content\/uploads\/2013\/09\/2013-09-05_15-22-48-100x150.jpg 100w, https:\/\/mapa.abakus.net.pl\/blog\/wp-content\/uploads\/2013\/09\/2013-09-05_15-22-48.jpg 320w\" sizes=\"(max-width: 200px) 100vw, 200px\" \/><\/a>W celu dodania nowego hydrantu najpierw nale\u017cy wybra\u0107 jego typ oraz \u015brednic\u0119. Aplikacja umo\u017cliwia dodawanie za pomoc\u0105 przycisk\u00f3w hydrant\u00f3w naziemnych i podziemnych o \u015brednicach 80 i 100 oraz na\u015bciennych o \u015brednicach 25 i 52. Je\u015bli chcemy doda\u0107 hydrant o innej \u015brednicy wybieramy przycisk &#8220;&#8230; inny&#8221; i w pojawiaj\u0105cym si\u0119 polu podajemy \u015brednic\u0119. Punkty czerpania wody oraz suche hydranty dodawane s\u0105 bez podawania \u015brednicy. Po wybraniu przycisku &#8220;Inny&#8221; do bazy zostanie dodany hydrant bez okre\u015blenia jego typu oraz \u015brednicy. Je\u015bli znamy numer hydrantu podajemy go w polu &#8220;Numer ref:&#8221;. W ten spos\u00f3b przygotowany zestaw danych dodajemy za pomoc\u0105 przycisku Dodaj, istnieje r\u00f3wnie\u017c mo\u017cliwo\u015b\u0107 podania pozycji relatywnej hydrantu (zatoczka, jezdnia, pas zieleni lub chodnik).<\/p>\n<p style=\"text-align: justify;\">Je\u015bli przyciski &#8220;Dodaj&#8221; oraz &#8220;Dodaj z podaniem po\u0142o\u017cenia&#8221; s\u0105 nieaktywne mimo podania prawid\u0142owo typu hydrantu do dodania nale\u017cy sprawdzi\u0107 czy aplikacja odbiera prawid\u0142owe dane o lokalizacji &#8211; je\u015bli dok\u0142adno\u015b\u0107 odczytanej pozycji jest zbyt niska dodawania nowych punkt\u00f3w jest zablokowane.<\/p>\n<p style=\"text-align: justify;\">Uwaga &#8211; aplikacja niezale\u017cnie czy wybierzemy przycisk\u00a0&#8220;Dodaj&#8221; czy &#8220;Dodaj z podaniem po\u0142o\u017cenia&#8221; zawsze zapisze punkt pochodz\u0105cy z pozycji telefonu, dlatego podczas zbierania punkt\u00f3w nale\u017cy zawsze podej\u015b\u0107 mo\u017cliwie blisko do wprowadzanego hydrantu.<\/p>\n<h3><a id=\"4\"><\/a> Zbieranie pikieta\u017cu<\/h3>\n<p>Zbieranie pikieta\u017cu dr\u00f3g mo\u017cliwe jest za pomoc\u0105 drugiego podstawowego ekranu aplikacji.<\/p>\n<p style=\"text-align: justify;\"><a href=\"https:\/\/mapa.abakus.net.pl\/blog\/wp-content\/uploads\/2013\/09\/2013-09-05_15-23-15.jpg\"><img loading=\"lazy\" class=\"aligncenter wp-image-277 size-medium\" src=\"https:\/\/mapa.abakus.net.pl\/blog\/wp-content\/uploads\/2013\/09\/2013-09-05_15-23-15-200x300.jpg\" alt=\"\" width=\"200\" height=\"300\" srcset=\"https:\/\/mapa.abakus.net.pl\/blog\/wp-content\/uploads\/2013\/09\/2013-09-05_15-23-15-200x300.jpg 200w, https:\/\/mapa.abakus.net.pl\/blog\/wp-content\/uploads\/2013\/09\/2013-09-05_15-23-15-100x150.jpg 100w, https:\/\/mapa.abakus.net.pl\/blog\/wp-content\/uploads\/2013\/09\/2013-09-05_15-23-15.jpg 320w\" sizes=\"(max-width: 200px) 100vw, 200px\" \/><\/a>W celu przygotowania aplikacji do dodawania kolejnych s\u0142upk\u00f3w pikieta\u017cowych musimy najpierw poda\u0107 typ drogi wybieraj\u0105c go z zestawu tabliczek powy\u017cej s\u0142upka, nast\u0119pnie pod\u015bwietlone zostanie okno w g\u00f3rnej cz\u0119\u015bci s\u0142upka na ekranie w kt\u00f3rym podajemy numer drogi, po czym pod\u015bwietlone zostanie okno na \u015brodku s\u0142upka, w kt\u00f3rym ustawiamy numer kolejnego s\u0142upka pikieta\u017cu, kt\u00f3ry b\u0119dziemy mijali. Po dojechaniu do w\u0142a\u015bciwego s\u0142upka wybieramy &#8220;Dodaj&#8221; po czym za pomoc\u0105 przycisk\u00f3w &#8216;+&#8217; i &#8216;-&#8216; ustawiamy jaki numer b\u0119dzie mia\u0142 kolejny s\u0142upek, kt\u00f3ry b\u0119dziemy mijali (numeracja rosn\u0105c\u0105 lub malej\u0105co). Po mini\u0119ciu kolejnego pe\u0142nego s\u0142upka zn\u00f3w przyciskamy &#8220;Dodaj&#8221;. Od tej pory aplikacja powinna zapami\u0119ta\u0107 czy przemieszczamy si\u0119 w kierunku rosn\u0105cym czy malej\u0105cym i automatycznie b\u0119dzie zmienia\u0142a numery kolejnych s\u0142upk\u00f3w, pozostaje nam tylko wybiera\u0107 &#8220;Dodaj&#8221; przy mijaniu ka\u017cdego kolejnego pe\u0142nego s\u0142upka i ewentualnie kontrolowa\u0107 czy kolejny numer wybrany przez aplikacj\u0119 jest prawid\u0142owy.<\/p>\n<p style=\"text-align: justify;\">Je\u015bli przycisk &#8220;Dodaj&#8221; jest nieaktywne mimo podania prawid\u0142owo numeru drogi oraz kolejnego s\u0142upka pikieta\u017cowego do dodania nale\u017cy sprawdzi\u0107 czy aplikacja odbiera prawid\u0142owe dane o lokalizacji &#8211; je\u015bli dok\u0142adno\u015b\u0107 odczytanej pozycji jest zbyt niska dodawanie nowych punkt\u00f3w jest zablokowane.<\/p>\n<p style=\"text-align: justify;\">Za pomoc\u0105 aplikacji zbieramy tylko s\u0142upki pe\u0142nych kilometr\u00f3w (zero na dole s\u0142upka), nale\u017cy r\u00f3wnie\u017c pami\u0119ta\u0107 \u017ce aplikacja zapisze numer s\u0142upka, kt\u00f3ry znajduje si\u0119 na ekranie zanim przyci\u015bniemy &#8220;Dodaj&#8221;, dopiero p\u00f3\u017aniej zwi\u0119kszy warto\u015b\u0107 dystansu, a nie odwrotnie.<\/p>\n<h3><a id=\"5\"><\/a> Podgl\u0105d danych na mapie<\/h3>\n<p style=\"text-align: justify;\">Trzeci ekran aplikacji pozwala na weryfikacj\u0119 na mapie serwera Abakus OSM czy s\u0142upki pikieta\u017cowe lub hydranty, kt\u00f3re mamy zamiar dodawa\u0107 nie zosta\u0142y ju\u017c wcze\u015bniej dodane do mapy.<\/p>\n<p style=\"text-align: center;\"><a href=\"https:\/\/mapa.abakus.net.pl\/blog\/wp-content\/uploads\/2013\/09\/2013-09-05_15-23-47.jpg\"><img loading=\"lazy\" class=\"aligncenter wp-image-279 size-medium\" style=\"border: 1px solid black;\" src=\"https:\/\/mapa.abakus.net.pl\/blog\/wp-content\/uploads\/2013\/09\/2013-09-05_15-23-47-200x300.jpg\" alt=\"\" width=\"200\" height=\"300\" srcset=\"https:\/\/mapa.abakus.net.pl\/blog\/wp-content\/uploads\/2013\/09\/2013-09-05_15-23-47-200x300.jpg 200w, https:\/\/mapa.abakus.net.pl\/blog\/wp-content\/uploads\/2013\/09\/2013-09-05_15-23-47-100x150.jpg 100w, https:\/\/mapa.abakus.net.pl\/blog\/wp-content\/uploads\/2013\/09\/2013-09-05_15-23-47.jpg 320w\" sizes=\"(max-width: 200px) 100vw, 200px\" \/><\/a><\/p>\n<p><strong>UWAGA!<\/strong><\/p>\n<p style=\"text-align: justify;\">Aplikacja Stra\u017cakOSM nie s\u0142u\u017cy do dodawania i wy\u015bwietlania gromadzonych hydrant\u00f3w na mapie <a href=\"http:\/\/www.openstreetmap.org\">www.openstreetmap.org<\/a>. Dane s\u0105 przesy\u0142ane do OSM i prezentowane na stronie <a href=\"https:\/\/www.osmhydrant.org\/pl\/\">OsmHydrant<\/a>. Aplikacja Stra\u017cakOSM ma m.in. u\u0142atwia\u0107 zbieranie hydrant\u00f3w w celu ich wy\u015bwietlania na podk\u0142adzie mapowym Serwer Abakus (Mapa-ST dla PSP, oraz podk\u0142ady mapowe systemu e-Remiza).<\/p>\n<h3 style=\"text-align: left;\"><a id=\"6\"><\/a>Przesy\u0142anie danych do serwera AbakusOSM<\/h3>\n<p style=\"text-align: justify;\">Aplikacja w ramach swojego dzia\u0142ania tworzy pliki *.osm, kt\u00f3re zapisuje na karcie SD telefonu. Pliki te mo\u017cna doda\u0107 do mapy w\u0142asnor\u0119cznie za pomoc\u0105 narz\u0119dzi do edycji mapy OSM, lub przes\u0142a\u0107 do naszego serwera. Przed\u00a0 przes\u0142aniem plik\u00f3w aplikacja poprosi o podanie danych kontaktowych, kt\u00f3re pozwol\u0105 na weryfikacj\u0119 poprawno\u015bci przes\u0142anych plik\u00f3w i dadz\u0105 naszym pracownikom mo\u017cliwo\u015b\u0107 kontaktu z osob\u0105 zbieraj\u0105c\u0105 dane w razie jakichkolwiek w\u0105tpliwo\u015bci.<\/p>\n<p style=\"text-align: justify;\">Przesy\u0142aj\u0105c dane na nasz serwer nale\u017cy mie\u0107 na uwadze, \u017ce<strong> proces weryfikacji<\/strong> i dodawania danych do projektu <strong>jest cz\u0119\u015bciowo zautomatyzowane<\/strong>, ale weryfikacj\u0119 wykonuj\u0105 r\u0119cznie nasi pracownicy lub cz\u0142onkowie spo\u0142eczno\u015bci OSM, dlatego <span style=\"text-decoration: underline;\">nie nale\u017cy si\u0119 spodziewa\u0107 \u017ce dane zaraz po przes\u0142aniu do serwera pojawi\u0105 si\u0119 na mapie.<\/span> <strong>Proces ten najcz\u0119\u015bciej zamyka si\u0119 w 48-72h<\/strong> od przes\u0142ania, nie mniej w szczeg\u00f3lnych przypadkach mo\u017ce przed\u0142u\u017cy\u0107 si\u0119 do kilku dni.<\/p>\n<h3><\/h3>\n","protected":false},"excerpt":{"rendered":"<p>Instrukcja obs\u0142ugi 1. Instalacja aplikacji ze Sklepu Play 2. Uruchamianie &#8211; warunki pracy 3. Zbieranie hydrant\u00f3w 4. Zbieranie pikieta\u017cu 5. Podgl\u0105d danych na mapie 6. Przesy\u0142anie danych do AbakusOSM Instalacja aplikacji ze Sklepu Play Aplikacja Stra\u017cakOSM dost\u0119pna jest w Sklepie Play pod nazw\u0105 &#8220;Stra\u017cakOSM&#8220;. Uruchamianie &#8211; warunki pracy Do prawid\u0142owej \u2026 <a class=\"continue-reading-link\" href=\"https:\/\/mapa.abakus.net.pl\/blog\/?page_id=280\"> Continue reading <span class=\"meta-nav\">&rarr; <\/span><\/a><\/p>\n","protected":false},"author":4,"featured_media":0,"parent":0,"menu_order":0,"comment_status":"closed","ping_status":"closed","template":"","meta":[],"_links":{"self":[{"href":"https:\/\/mapa.abakus.net.pl\/blog\/index.php?rest_route=\/wp\/v2\/pages\/280"}],"collection":[{"href":"https:\/\/mapa.abakus.net.pl\/blog\/index.php?rest_route=\/wp\/v2\/pages"}],"about":[{"href":"https:\/\/mapa.abakus.net.pl\/blog\/index.php?rest_route=\/wp\/v2\/types\/page"}],"author":[{"embeddable":true,"href":"https:\/\/mapa.abakus.net.pl\/blog\/index.php?rest_route=\/wp\/v2\/users\/4"}],"replies":[{"embeddable":true,"href":"https:\/\/mapa.abakus.net.pl\/blog\/index.php?rest_route=%2Fwp%2Fv2%2Fcomments&post=280"}],"version-history":[{"count":23,"href":"https:\/\/mapa.abakus.net.pl\/blog\/index.php?rest_route=\/wp\/v2\/pages\/280\/revisions"}],"predecessor-version":[{"id":717,"href":"https:\/\/mapa.abakus.net.pl\/blog\/index.php?rest_route=\/wp\/v2\/pages\/280\/revisions\/717"}],"wp:attachment":[{"href":"https:\/\/mapa.abakus.net.pl\/blog\/index.php?rest_route=%2Fwp%2Fv2%2Fmedia&parent=280"}],"curies":[{"name":"wp","href":"https:\/\/api.w.org\/{rel}","templated":true}]}}