{"id":237,"date":"2013-09-05T12:07:25","date_gmt":"2013-09-05T10:07:25","guid":{"rendered":"https:\/\/mapa-new.abakus.net.pl\/blog\/?page_id=237"},"modified":"2019-09-13T08:48:45","modified_gmt":"2019-09-13T06:48:45","slug":"strazakosm-aplikacja-mobilna-android","status":"publish","type":"page","link":"https:\/\/mapa.abakus.net.pl\/blog\/?page_id=237","title":{"rendered":"Stra\u017cakOSM &#8211; aplikacja mobilna Android"},"content":{"rendered":"<p style=\"text-align: justify;\"><a href=\"https:\/\/mapa.abakus.net.pl\/blog\/wp-content\/uploads\/2013\/09\/abakus_icona_4_144x144.png\"><img loading=\"lazy\" class=\"alignleft wp-image-240 size-full\" src=\"https:\/\/mapa.abakus.net.pl\/blog\/wp-content\/uploads\/2013\/09\/abakus_icona_4_144x144.png\" alt=\"\" width=\"144\" height=\"144\" \/><\/a>Aplikacja mobilna Stra\u017cakOSM to narz\u0119dzie niezb\u0119dne w pozyskiwaniu specjalnych danych dla projektu OpenStreetMap. Dzi\u0119ki aplikacji mo\u017cna w prosty i intuicyjny spos\u00f3b zbiera\u0107 informacje o po\u0142o\u017ceniu geograficznym hydrant\u00f3w z podzia\u0142em na ich rodzaje i typy oraz s\u0142upk\u00f3w kilometrowych dr\u00f3g krajowych, wojew\u00f3dzkich, ekspresowych i autostrad.<br \/>\nZebrane dane przesy\u0142ane s\u0105 do serwera AbakusOSM, gdzie po weryfikacji i moderacji zostaj\u0105 dodane do bazy danych projektu OpenStreetMap. Aplikacja udost\u0119pnia tak\u017ce panel mapy, na kt\u00f3rym dzi\u0119ki aktualnemu widokowi pozycji w\u0142asnej oraz mapy okolicy mo\u017cna weryfikowa\u0107 istniej\u0105ce w bazie dane hydrant\u00f3w i s\u0142upk\u00f3w kilometrowych.<br \/>\nDo prawid\u0142owego dzia\u0142ania wymagany jest sprawny odbiornik GPS.<\/p>\n<p style=\"text-align: justify;\">Instrukcja obs\u0142ugi znajduje si\u0119 <a href=\"https:\/\/mapa-new.abakus.net.pl\/blog\/?page_id=280\">TUTAJ<\/a><\/p>\n<address style=\"text-align: center;\">Aplikacja dost\u0119pna w Google Play Store:<\/address>\n<address style=\"text-align: center;\">\u00a0<br \/><div class=\"play-store-container\">\r\n\t\t\t\t<div id=\"top-play-store\"><\/div>\r\n\t\t\t\t<div class=\"play-store-table\">\r\n\t\t\t\t<div id=\"play-store-app-icon\"><a href=\"https:\/\/play.google.com\/store\/apps\/details?id=pl.openstreetmap.dotevo.strazak\" target=\"_blank\" rel=\"nofollow\"><img src=\"https:\/\/mapa.abakus.net.pl\/blog\/wp-content\/plugins\/savrix-android-market\/images\/default-icon.png\" alt=\"logo-app\" \/><\/a><\/div><div id=\"play-store-text\"><a href=\"https:\/\/play.google.com\/store\/apps\/details?id=pl.openstreetmap.dotevo.strazak\" target=\"_blank\" rel=\"nofollow\"><strong><span class=\"play-store-app-name\">App Name<\/span><\/strong><\/a><br \/>\r\n\t\t\t\t<span class=\"play-store-developer\">Developer<\/span><br \/> \r\n\t\t\t\t<span class=\"play-store-price\">Free<\/span>&nbsp;&nbsp;&nbsp;<div class=\"stars-container\">\r\n\t\t\t\t<div class=\"tiny-star\">\r\n\t\t\t\t<div class=\"current-rating\" style=\"width:\"><\/div>\r\n\t\t\t\t<\/div>\r\n\t\t\t\t<\/div>\r\n\t\t\t\t<\/div><div id=\"play-store-qrcode\"><img src=\"http:\/\/qrfree.kaywa.com\/?l=1&amp;s=5&amp;d=https%3A%2F%2Fplay.google.com%2Fstore%2Fapps%2Fdetails%3Fid%3Dpl.openstreetmap.dotevo.strazak\" alt=\"qrcode-app\" \/>\r\n\t\t\t\t<\/div>\r\n\t\t\t\t<\/div><\/div><br \/><\/address>\n","protected":false},"excerpt":{"rendered":"<p>Aplikacja mobilna Stra\u017cakOSM to narz\u0119dzie niezb\u0119dne w pozyskiwaniu specjalnych danych dla projektu OpenStreetMap. Dzi\u0119ki aplikacji mo\u017cna w prosty i intuicyjny spos\u00f3b zbiera\u0107 informacje o po\u0142o\u017ceniu geograficznym hydrant\u00f3w z podzia\u0142em na ich rodzaje i typy oraz s\u0142upk\u00f3w kilometrowych dr\u00f3g krajowych, wojew\u00f3dzkich, ekspresowych i autostrad. Zebrane dane przesy\u0142ane s\u0105 do serwera AbakusOSM, \u2026 <a class=\"continue-reading-link\" href=\"https:\/\/mapa.abakus.net.pl\/blog\/?page_id=237\"> Continue reading <span class=\"meta-nav\">&rarr; <\/span><\/a><\/p>\n","protected":false},"author":2,"featured_media":0,"parent":0,"menu_order":0,"comment_status":"closed","ping_status":"closed","template":"","meta":[],"_links":{"self":[{"href":"https:\/\/mapa.abakus.net.pl\/blog\/index.php?rest_route=\/wp\/v2\/pages\/237"}],"collection":[{"href":"https:\/\/mapa.abakus.net.pl\/blog\/index.php?rest_route=\/wp\/v2\/pages"}],"about":[{"href":"https:\/\/mapa.abakus.net.pl\/blog\/index.php?rest_route=\/wp\/v2\/types\/page"}],"author":[{"embeddable":true,"href":"https:\/\/mapa.abakus.net.pl\/blog\/index.php?rest_route=\/wp\/v2\/users\/2"}],"replies":[{"embeddable":true,"href":"https:\/\/mapa.abakus.net.pl\/blog\/index.php?rest_route=%2Fwp%2Fv2%2Fcomments&post=237"}],"version-history":[{"count":37,"href":"https:\/\/mapa.abakus.net.pl\/blog\/index.php?rest_route=\/wp\/v2\/pages\/237\/revisions"}],"predecessor-version":[{"id":701,"href":"https:\/\/mapa.abakus.net.pl\/blog\/index.php?rest_route=\/wp\/v2\/pages\/237\/revisions\/701"}],"wp:attachment":[{"href":"https:\/\/mapa.abakus.net.pl\/blog\/index.php?rest_route=%2Fwp%2Fv2%2Fmedia&parent=237"}],"curies":[{"name":"wp","href":"https:\/\/api.w.org\/{rel}","templated":true}]}}