{"id":16,"date":"2013-08-19T12:23:32","date_gmt":"2013-08-19T10:23:32","guid":{"rendered":"https:\/\/mapa-new.abakus.net.pl\/blog\/?page_id=16"},"modified":"2014-04-22T08:44:36","modified_gmt":"2014-04-22T06:44:36","slug":"mapa-abakusosm","status":"publish","type":"page","link":"https:\/\/mapa.abakus.net.pl\/blog\/?page_id=16","title":{"rendered":"Zasada dzia\u0142ania serwera"},"content":{"rendered":"<p style=\"text-align: justify;\"><strong>AbakusOSM<\/strong> to serwer map cyfrowych przygotowany i utrzymywany przez firm\u0119 <a href=\"http:\/\/abakus.net.pl\/\">Abakus Systemy Teleinformatyczne Sp. z o.o.<\/a>\u00a0 Serwer ten wykorzystuje dane projektu OpenStreetMap i udost\u0119pnia w ten spos\u00f3b map\u0119 Polski dla aplikacji <a href=\"http:\/\/abakus.net.pl\/products\/mapa.html\">Mapa-ST<\/a> w systemie SWD-ST oraz dla aplikacji mobilnej <a href=\"http:\/\/abakus.net.pl\/products\/terminalst.html\" target=\"_blank\">TerminalST<\/a>.<\/p>\n<p style=\"text-align: justify;\">OpenStreetMap (skr\u00f3towo OSM) to globalny projekt maj\u0105cy na celu stworzenie<strong> darmowej, dok\u0142adnej oraz swobodnie dost\u0119pnej mapy \u015bwiata<\/strong>. Co najwa\u017cniejsze, mapa ta mo\u017ce by\u0107 edytowana przez ka\u017cdego, przez co nazywana jest tak\u017ce kartograficznym odpowiednikiem Wikipedii.<\/p>\n<p style=\"text-align: center;\"><img loading=\"lazy\" class=\"wp-image-34 aligncenter\" style=\"border: 1px solid black;\" alt=\"OSM_strona_glowna\" src=\"https:\/\/mapa-new.abakus.net.pl\/blog\/wp-content\/uploads\/2013\/08\/OSM_strona_glowna-e1376918921760.png\" width=\"650\" height=\"482\" \/><\/p>\n<p style=\"text-align: justify;\">Serwer AbakusOSM pracuje na lokalnej kopii danych OSM i synchronizuje si\u0119 z baz\u0105 danych projektu co 1 godzin\u0119 (o ka\u017cdej pe\u0142nej godzinie) pobieraj\u0105c najnowsze zmiany dotycz\u0105ce obszaru Polski, dzi\u0119ki czemu mapa dost\u0119pna w naszych aplikacjach jest zawsze aktualna. Przyk\u0142adowo, je\u015bli u\u017cytkownik doda do mapy aktualny wykaz Hydrant\u00f3w o godzinie 10.15, to zmiany te zostan\u0105 pobrane na nasz serwer o godzinie 11.00,a po dodaniu do bazy danych oko\u0142o godziny 11.15 b\u0119d\u0105 ju\u017c dost\u0119pne w naszych aplikacjach.<\/p>\n<blockquote><p>Co zrobi\u0107 je\u015bli dodane dane nie wy\u015bwietlaj\u0105 si\u0119 w aplikacji Mapa-ST?<\/p><\/blockquote>\n<p style=\"text-align: justify;\">Je\u015bli dane dodane do g\u0142\u00f3wnego projektu nie wy\u015bwietlaj\u0105 si\u0119 w naszej aplikacji prosimy o sprawdzenie na poni\u017cszej stronie testowej serwera AbakusOSM. Mapa wy\u015bwietlana na tej stronie generowana jest &#8220;na \u017cywo&#8221;. (Uwaga! Mapa mo\u017ce pojawia\u0107 si\u0119 do\u015b\u0107 wolno) Je\u015bli w aplikacji Mapa-ST (zazwyczaj na ni\u017cszych poziomach powi\u0119kszenia, np. 17-16-15&#8230;) nie wida\u0107 zmian, a widoczne one s\u0105 na powy\u017cszej stronie testowej to przyczyn\u0105 jest obs\u0142ugiwany w ramach aplikacji mechanizm cache, kt\u00f3ry powoduje, \u017ce mapa w aplikacji dzia\u0142a bardzo szybko. Dlatego te\u017c fragmenty mapy na ni\u017cszych poziomach powi\u0119kszenia wymieniane s\u0105 raz na tydzie\u0144, b\u0105d\u017a na \u017c\u0105danie. Je\u015bli doda\u0142e\u015b do mapy istotne dane i potrzebujesz aby pojawi\u0142y si\u0119 one na mapie aplikacji Mapa-ST 3 <a href=\"mailto:mapa@swdst.pl?subject=Prosze o od\u015bwie\u017cenie cache serwera\">wy\u015blij do nas tak\u0105 informacj\u0119<\/a>.<\/p>\n<p style=\"text-align: left;\">Podgl\u0105d danych serwera AbakusOSM &#8220;na \u017cywo&#8221;:<\/p>\n<p style=\"text-align: center;\"><iframe style=\"background: #FFFFFF; border: 1px solid black;\" src=\"http:\/\/mapa.abakus.net.pl\/mapa.html#zoom=1&amp;lat=417562.64096&amp;lon=534587.9227&amp;layers=0BTTT\" height=\"700\" width=\"650\" frameborder=\"1\"><\/iframe><\/p>\n<p style=\"text-align: center;\">\n","protected":false},"excerpt":{"rendered":"<p>AbakusOSM to serwer map cyfrowych przygotowany i utrzymywany przez firm\u0119 Abakus Systemy Teleinformatyczne Sp. z o.o.\u00a0 Serwer ten wykorzystuje dane projektu OpenStreetMap i udost\u0119pnia w ten spos\u00f3b map\u0119 Polski dla aplikacji Mapa-ST w systemie SWD-ST oraz dla aplikacji mobilnej TerminalST. OpenStreetMap (skr\u00f3towo OSM) to globalny projekt maj\u0105cy na celu stworzenie \u2026 <a class=\"continue-reading-link\" href=\"https:\/\/mapa.abakus.net.pl\/blog\/?page_id=16\"> Continue reading <span class=\"meta-nav\">&rarr; <\/span><\/a><\/p>\n","protected":false},"author":3,"featured_media":0,"parent":42,"menu_order":1,"comment_status":"closed","ping_status":"closed","template":"","meta":[],"_links":{"self":[{"href":"https:\/\/mapa.abakus.net.pl\/blog\/index.php?rest_route=\/wp\/v2\/pages\/16"}],"collection":[{"href":"https:\/\/mapa.abakus.net.pl\/blog\/index.php?rest_route=\/wp\/v2\/pages"}],"about":[{"href":"https:\/\/mapa.abakus.net.pl\/blog\/index.php?rest_route=\/wp\/v2\/types\/page"}],"author":[{"embeddable":true,"href":"https:\/\/mapa.abakus.net.pl\/blog\/index.php?rest_route=\/wp\/v2\/users\/3"}],"replies":[{"embeddable":true,"href":"https:\/\/mapa.abakus.net.pl\/blog\/index.php?rest_route=%2Fwp%2Fv2%2Fcomments&post=16"}],"version-history":[{"count":27,"href":"https:\/\/mapa.abakus.net.pl\/blog\/index.php?rest_route=\/wp\/v2\/pages\/16\/revisions"}],"predecessor-version":[{"id":304,"href":"https:\/\/mapa.abakus.net.pl\/blog\/index.php?rest_route=\/wp\/v2\/pages\/16\/revisions\/304"}],"up":[{"embeddable":true,"href":"https:\/\/mapa.abakus.net.pl\/blog\/index.php?rest_route=\/wp\/v2\/pages\/42"}],"wp:attachment":[{"href":"https:\/\/mapa.abakus.net.pl\/blog\/index.php?rest_route=%2Fwp%2Fv2%2Fmedia&parent=16"}],"curies":[{"name":"wp","href":"https:\/\/api.w.org\/{rel}","templated":true}]}}