{"id":124,"date":"2013-08-22T23:18:51","date_gmt":"2013-08-22T21:18:51","guid":{"rendered":"https:\/\/mapa-new.abakus.net.pl\/blog\/?page_id=124"},"modified":"2024-11-29T14:58:46","modified_gmt":"2024-11-29T12:58:46","slug":"zbieranie-danych","status":"publish","type":"page","link":"https:\/\/mapa.abakus.net.pl\/blog\/?page_id=124","title":{"rendered":"Zbieranie danych"},"content":{"rendered":"<p>W poprzednim artykule poruszyli\u015bmy temat pozyskiwania danych od urz\u0119d\u00f3w w celu przekazania ich do spo\u0142eczno\u015bci osm jako najprostszy spos\u00f3b na popraw\u0119 jako\u015bci mapy w naszej okolicy. Ten artyku\u0142 opisze szerzej temat zbierania danych kt\u00f3re p\u00f3\u017aniej b\u0119dziemy mogli u\u017cy\u0107 do edycji mapy lub przekaza\u0107 do stowarzyszenia.<\/p>\n<p>Ze wzgl\u0119du na swoje mo\u017cliwo\u015bci techniczne, zaplecze sprz\u0119towe takie jak odbiornik GPS oraz stosunkowo \u0142atwy proces tworzenia aplikacji najpopularniejszymi urz\u0105dzeniami, kt\u00f3re pomog\u0105 nam zebra\u0107 dane s\u0105 smartphone-y oraz tablety z systemem operacyjnym Android. Z tego w\u0142a\u015bnie powodu istnieje wiele aplikacji dzia\u0142aj\u0105cych na tych urz\u0105dzeniach, kt\u00f3re pozwalaj\u0105 usprawni\u0107 proces zbierania danych; poni\u017cej opiszemy kilka z nich &#8211; naszym zdaniem najprostszych w obs\u0142udze i najprzydatniejszych.<\/p>\n<h2>Stra\u017cakOSM<\/h2>\n<p>Nie spos\u00f3<a href=\"https:\/\/play.google.com\/store\/apps\/details?id=pl.openstreetmap.dotevo.strazak\"><img loading=\"lazy\" class=\"alignleft\" src=\"https:\/\/lh6.ggpht.com\/GM16B9DVtIJ7XkHKLN4WqOVWPAQhSjN3h2uskecWtVEZIcPsTDkxnpGVYprCVcCfJfU=w300\" alt=\"\" width=\"100\" height=\"100\" \/><\/a>b na pocz\u0105tek nie wspomnie\u0107 o aplikacji w kt\u00f3rej tworzeniu nasza firma mia\u0142a sw\u00f3j udzia\u0142. Aplikacja pozawala na \u0142atwe i intuicyjne zbieranie danych o hydrantach i pikieta\u017cu i u\u017cycie ich zar\u00f3wno podczas w\u0142asnych edycji jak r\u00f3wnie\u017c \u0142atwe i szybkie przes\u0142anie ich na nasz serwer gdzie poddane zostaj\u0105 weryfikacji i s\u0105 dodawane do projektu OSM. Szerszy <a href=\"https:\/\/mapa-new.abakus.net.pl\/blog\/?page_id=237\">opis aplikacji<\/a> jak r\u00f3wnie\u017c <a href=\"https:\/\/mapa-new.abakus.net.pl\/blog\/?page_id=280\">instrukcja obs\u0142ugi<\/a> i instalacji dost\u0119pne s\u0105 w innych artyku\u0142ach na tej stronie.<\/p>\n<h2>OSMHydrant.org<\/h2>\n<p>Kolejna zalecana przez nas metoda dodawania i modyfikowania obiekt\u00f3w typu hydrant w bazie OSM to wykorzystanie portalu OsmHydrant dost\u0119pnego pod adresem <a class=\"moz-txt-link-freetext\" href=\"https:\/\/www.osmhydrant.org\/beta\">https:\/\/www.osmhydrant.org\/beta<\/a>. Praca z portalem nie wymaga oczywi\u015bcie zbierania danych w terenie, a dost\u0119p do serwisu realizowany jest na podstawie po\u015bwiadcze\u0144 do portalu OpenStreetMap.org (wymagane zarejestrowanie konta).<\/p>\n<h2>OSMTracker<\/h2>\n<p><a href=\"https:\/\/play.google.com\/store\/apps\/details?id=me.guillaumin.android.osmtracker\"><img loading=\"lazy\" class=\"alignleft\" src=\"https:\/\/lh3.ggpht.com\/vMugP5k_1ugnCBH223H4pFFxxupdY3uWCsi-TamhL1ZnbKzOxDqOrGfX83uoLj0srg=w300\" alt=\"\" width=\"100\" height=\"100\" \/><\/a>Kolejna do\u015b\u0107 intuicyjna i \u0142atwa w obs\u0142udze aplikacja dedykowana do zbierania informacji w terenie. Aplikacja pozwala na tworzenie odpowiednio opisanych punkt\u00f3w, ale r\u00f3wnie\u017c\u00a0 pozwalaj\u0105ca na zapisywanie do\u015b\u0107 dok\u0142adnych \u015blad\u00f3w GPS, co pozwala na odtworzenie na mapie przebiegu np. dr\u00f3g po\u017carowych czy dojazd\u00f3w do punkt\u00f3w wodowania \u0142odzi. Oczywi\u015bcie pozwala r\u00f3wnie\u017c na nanoszenie wa\u017cniejszych dr\u00f3g je\u015bli na mapie naszej okolicy ich brakuje. Dla os\u00f3b niezaanga\u017cowanych w proces tworzenia mapy aplikacja posiada trzy bardzo pomocne funkcje w procesie przekazania informacji osobie, kt\u00f3ra dane b\u0119dzie wprowadza\u0107 &#8211; mianowicie mo\u017cliwo\u015b\u0107 zrobienia zdj\u0119cia z oznaczeniem pozycji jego wykonania na trasie, dodania do przebytego szlaku punkt\u00f3w z nagranymi notatkami g\u0142osowymi oraz postawienia na trasie punktu i przypisania mu notatki g\u0142osowej.<\/p>\n<p>W jaki spos\u00f3b mo\u017cemy u\u017cy\u0107 tej aplikacji? Przyk\u0142adowo jedziemy sprawdzi\u0107 dojazd do punktu wodowania \u0142odzi. Wiemy, \u017ce musimy jecha\u0107 drog\u0105 powiatow\u0105, kt\u00f3ra jest ju\u017c naniesiona na map\u0119, dalszy ci\u0105g dojazdu nie jest jeszcze wprowadzony. Doje\u017cd\u017caj\u0105c do tego punktu uruchamiamy aplikacj\u0119 i rozpoczynamy nagrywanie \u015bladu. Punkty charakterystyczne oznaczamy za pomoc\u0105 przycisk\u00f3w aplikacji, lub je\u015bli nie ma odpowiedniego przycisku robimy im zdj\u0119cia lub nagrywamy notatki g\u0142osowe. dobrze jest r\u00f3wnie\u017c sfotografowa\u0107 sam\u0105 drog\u0119 &#8211; pozwoli to osobie wprowadzaj\u0105cej dane okre\u015bli\u0107 jej typ (na przyk\u0142ad dla samych dr\u00f3g gruntowych <a href=\"http:\/\/wiki.openstreetmap.org\/wiki\/Pl:Key:tracktype\">standardy opisu<\/a> zak\u0142adaj\u0105 5 r\u00f3\u017cnych stopni jako\u015bci). Po doje\u017adzie na miejsce zatrzymujemy zapisywanie \u015bladu.<\/p>\n<p>Cho\u0107 aplikacja w zakresie tworzenia i zapisywania \u015bladu dzia\u0142a bez konieczno\u015bci dost\u0119pu do internetu aplikacja posiada jeszcze jedn\u0105 przydatn\u0105 funkcj\u0119, kt\u00f3ra tego dost\u0119pu b\u0119dzie potrzebowa\u0142a &#8211; mo\u017cliwo\u015b\u0107 wy\u015bwietlenia zapisanego \u015bladu na podk\u0142adzie mapowym. Po weryfikacji \u015blad eksportujemy do formatu gpx. Aplikacja wszystkie dane zapisuje w jednym folderze znajduj\u0105cym si\u0119 na karcie SD telefonu (\/SD\/OSMTracker\/Numer-i-data-\u015bladu). W ten spos\u00f3b przygotowane dane mo\u017cemy u\u017cy\u0107 do w\u0142asnor\u0119cznej edycji mapy przekazuj\u0105c je do stowarzyszenia OSM w celu dodania ich do mapy.<\/p>\n","protected":false},"excerpt":{"rendered":"<p>W poprzednim artykule poruszyli\u015bmy temat pozyskiwania danych od urz\u0119d\u00f3w w celu przekazania ich do spo\u0142eczno\u015bci osm jako najprostszy spos\u00f3b na popraw\u0119 jako\u015bci mapy w naszej okolicy. Ten artyku\u0142 opisze szerzej temat zbierania danych kt\u00f3re p\u00f3\u017aniej b\u0119dziemy mogli u\u017cy\u0107 do edycji mapy lub przekaza\u0107 do stowarzyszenia. Ze wzgl\u0119du na swoje mo\u017cliwo\u015bci \u2026 <a class=\"continue-reading-link\" href=\"https:\/\/mapa.abakus.net.pl\/blog\/?page_id=124\"> Continue reading <span class=\"meta-nav\">&rarr; <\/span><\/a><\/p>\n","protected":false},"author":4,"featured_media":0,"parent":39,"menu_order":3,"comment_status":"closed","ping_status":"closed","template":"","meta":[],"_links":{"self":[{"href":"https:\/\/mapa.abakus.net.pl\/blog\/index.php?rest_route=\/wp\/v2\/pages\/124"}],"collection":[{"href":"https:\/\/mapa.abakus.net.pl\/blog\/index.php?rest_route=\/wp\/v2\/pages"}],"about":[{"href":"https:\/\/mapa.abakus.net.pl\/blog\/index.php?rest_route=\/wp\/v2\/types\/page"}],"author":[{"embeddable":true,"href":"https:\/\/mapa.abakus.net.pl\/blog\/index.php?rest_route=\/wp\/v2\/users\/4"}],"replies":[{"embeddable":true,"href":"https:\/\/mapa.abakus.net.pl\/blog\/index.php?rest_route=%2Fwp%2Fv2%2Fcomments&post=124"}],"version-history":[{"count":16,"href":"https:\/\/mapa.abakus.net.pl\/blog\/index.php?rest_route=\/wp\/v2\/pages\/124\/revisions"}],"predecessor-version":[{"id":723,"href":"https:\/\/mapa.abakus.net.pl\/blog\/index.php?rest_route=\/wp\/v2\/pages\/124\/revisions\/723"}],"up":[{"embeddable":true,"href":"https:\/\/mapa.abakus.net.pl\/blog\/index.php?rest_route=\/wp\/v2\/pages\/39"}],"wp:attachment":[{"href":"https:\/\/mapa.abakus.net.pl\/blog\/index.php?rest_route=%2Fwp%2Fv2%2Fmedia&parent=124"}],"curies":[{"name":"wp","href":"https:\/\/api.w.org\/{rel}","templated":true}]}}